{"id":381,"date":"2019-11-21T10:43:49","date_gmt":"2019-11-21T09:43:49","guid":{"rendered":"https:\/\/vision-mfund.de\/?page_id=381"},"modified":"2019-12-11T15:45:49","modified_gmt":"2019-12-11T14:45:49","slug":"datenbereitstellung","status":"publish","type":"page","link":"https:\/\/vision-mfund.de\/?page_id=381","title":{"rendered":"Datenbereitstellung"},"content":{"rendered":"\n<p>Im Rahmen der F\u00f6rderline mFUND des BMVI erhobende Daten werden von den verschiednen Projekten in der mCLOUD bereitgestellt.<\/p>\n\n\n\n<div class=\"wp-block-image\"><figure class=\"aligncenter size-large is-resized\"><img loading=\"lazy\" src=\"https:\/\/www.bmvi.de\/SharedDocs\/DE\/Bilder\/DG\/mcloud-logo.jpg?__blob=normal\" alt=\"\" width=\"252\" height=\"141\"\/><\/figure><\/div>\n\n\n\n<p class=\"has-text-align-center\"><a rel=\"noreferrer noopener\" aria-label=\" (\u00f6ffnet in neuem Tab)\" href=\"https:\/\/mcloud.de\/\" target=\"_blank\">https:\/\/mcloud.de\/<\/a><\/p>\n\n\n\n<p>In der mCLOUD sind Daten aus den  Themenbereichen Stra\u00dfenverkehr, Bahnverkehr, Luft- und Raumfahrt, Klima  und Wetter sowie Gew\u00e4sser und Wasserstra\u00dfen zu finden. Die Daten sind  \u00fcber Schlagworte recherchierbar und direkt zum Download oder zur  dynamischen Einbindung in eigene Anwendungen verlinkt. Die Daten selbst  liegen nicht in der mCLOUD. Stattdessen verweist die mCLOUD auf Datenschnittstellen und Download-Links der bereitstellenden Beh\u00f6rden und Unternehmen.<\/p>\n\n\n\n<p>Die im Rahmen des Projektes VISION erhobenen Daten sind unter <a href=\"https:\/\/vision-mfund.de\/?page_id=362\"><strong>Flugbewegungen<\/strong><\/a> und <a href=\"https:\/\/vision-mfund.de\/?page_id=441\"><strong>Quadrotor-Sensor-Data<\/strong><\/a> zu finden.<\/p>\n","protected":false},"excerpt":{"rendered":"<p>Im Rahmen der F\u00f6rderline mFUND des BMVI erhobende Daten werden von den verschiednen Projekten in der mCLOUD bereitgestellt. https:\/\/mcloud.de\/ In der mCLOUD sind Daten aus den Themenbereichen Stra\u00dfenverkehr, Bahnverkehr, Luft- und Raumfahrt, Klima und Wetter sowie Gew\u00e4sser und Wasserstra\u00dfen zu finden. Die Daten sind \u00fcber Schlagworte recherchierbar und direkt zum Download oder zur dynamischen Einbindung &hellip; <\/p>\n<p class=\"link-more\"><a href=\"https:\/\/vision-mfund.de\/?page_id=381\" class=\"more-link\"><span class=\"screen-reader-text\">\u201eDatenbereitstellung\u201c<\/span> weiterlesen<\/a><\/p>\n","protected":false},"author":3,"featured_media":0,"parent":0,"menu_order":4,"comment_status":"closed","ping_status":"closed","template":"","meta":[],"_links":{"self":[{"href":"https:\/\/vision-mfund.de\/index.php?rest_route=\/wp\/v2\/pages\/381"}],"collection":[{"href":"https:\/\/vision-mfund.de\/index.php?rest_route=\/wp\/v2\/pages"}],"about":[{"href":"https:\/\/vision-mfund.de\/index.php?rest_route=\/wp\/v2\/types\/page"}],"author":[{"embeddable":true,"href":"https:\/\/vision-mfund.de\/index.php?rest_route=\/wp\/v2\/users\/3"}],"replies":[{"embeddable":true,"href":"https:\/\/vision-mfund.de\/index.php?rest_route=%2Fwp%2Fv2%2Fcomments&post=381"}],"version-history":[{"count":12,"href":"https:\/\/vision-mfund.de\/index.php?rest_route=\/wp\/v2\/pages\/381\/revisions"}],"predecessor-version":[{"id":449,"href":"https:\/\/vision-mfund.de\/index.php?rest_route=\/wp\/v2\/pages\/381\/revisions\/449"}],"wp:attachment":[{"href":"https:\/\/vision-mfund.de\/index.php?rest_route=%2Fwp%2Fv2%2Fmedia&parent=381"}],"curies":[{"name":"wp","href":"https:\/\/api.w.org\/{rel}","templated":true}]}}